{"id":4811,"date":"2024-09-26T19:12:35","date_gmt":"2024-09-26T19:12:35","guid":{"rendered":"https:\/\/expoalfa.com.ar\/alfalfa\/?page_id=4811"},"modified":"2024-10-08T16:58:18","modified_gmt":"2024-10-08T16:58:18","slug":"exposicion-estatica","status":"publish","type":"page","link":"https:\/\/expoalfa.com.ar\/alfalfa\/programa\/exposicion-estatica\/","title":{"rendered":"Exposici\u00f3n est\u00e1tica"},"content":{"rendered":"\t\t<div data-elementor-type=\"wp-page\" data-elementor-id=\"4811\" class=\"elementor elementor-4811\" data-elementor-post-type=\"page\">\n\t\t\t\t\t\t<section class=\"elementor-section elementor-top-section elementor-element elementor-element-47143a7b elementor-section-height-min-height elementor-section-content-middle elementor-section-boxed elementor-section-height-default elementor-section-items-middle\" data-id=\"47143a7b\" data-element_type=\"section\" data-e-type=\"section\" data-settings=\"{&quot;background_background&quot;:&quot;classic&quot;}\">\n\t\t\t\t\t\t\t<div class=\"elementor-background-overlay\"><\/div>\n\t\t\t\t\t\t\t<div class=\"elementor-container elementor-column-gap-default\">\n\t\t\t\t\t<div class=\"elementor-column elementor-col-100 elementor-top-column elementor-element elementor-element-748e4b18\" data-id=\"748e4b18\" data-element_type=\"column\" data-e-type=\"column\">\n\t\t\t<div class=\"elementor-widget-wrap elementor-element-populated\">\n\t\t\t\t\t\t<div class=\"elementor-element elementor-element-7b8e7285 elementor-widget elementor-widget-heading\" data-id=\"7b8e7285\" data-element_type=\"widget\" data-e-type=\"widget\" data-widget_type=\"heading.default\">\n\t\t\t\t<div class=\"elementor-widget-container\">\n\t\t\t\t\t<h2 class=\"elementor-heading-title elementor-size-default\">EXPOSICI\u00d3N EST\u00c1TICA<\/h2>\t\t\t\t<\/div>\n\t\t\t\t<\/div>\n\t\t\t\t\t<\/div>\n\t\t<\/div>\n\t\t\t\t\t<\/div>\n\t\t<\/section>\n\t\t\t\t<section class=\"elementor-section elementor-top-section elementor-element elementor-element-2e63b22 elementor-section-boxed elementor-section-height-default elementor-section-height-default\" data-id=\"2e63b22\" data-element_type=\"section\" data-e-type=\"section\" data-settings=\"{&quot;background_background&quot;:&quot;classic&quot;}\">\n\t\t\t\t\t\t<div class=\"elementor-container elementor-column-gap-default\">\n\t\t\t\t\t<div class=\"elementor-column elementor-col-100 elementor-top-column elementor-element elementor-element-752edab6\" data-id=\"752edab6\" data-element_type=\"column\" data-e-type=\"column\">\n\t\t\t<div class=\"elementor-widget-wrap elementor-element-populated\">\n\t\t\t\t\t\t<div class=\"elementor-element elementor-element-58740d52 elementor-widget elementor-widget-spacer\" data-id=\"58740d52\" data-element_type=\"widget\" data-e-type=\"widget\" data-widget_type=\"spacer.default\">\n\t\t\t\t<div class=\"elementor-widget-container\">\n\t\t\t\t\t\t\t<div class=\"elementor-spacer\">\n\t\t\t<div class=\"elementor-spacer-inner\"><\/div>\n\t\t<\/div>\n\t\t\t\t\t\t<\/div>\n\t\t\t\t<\/div>\n\t\t\t\t\t<\/div>\n\t\t<\/div>\n\t\t\t\t\t<\/div>\n\t\t<\/section>\n\t\t\t\t<section class=\"elementor-section elementor-top-section elementor-element elementor-element-2c435c0b elementor-section-boxed elementor-section-height-default elementor-section-height-default\" data-id=\"2c435c0b\" data-element_type=\"section\" data-e-type=\"section\" data-settings=\"{&quot;background_background&quot;:&quot;classic&quot;}\">\n\t\t\t\t\t\t<div class=\"elementor-container elementor-column-gap-default\">\n\t\t\t\t\t<div class=\"elementor-column elementor-col-100 elementor-top-column elementor-element elementor-element-315600de\" data-id=\"315600de\" data-element_type=\"column\" data-e-type=\"column\">\n\t\t\t<div class=\"elementor-widget-wrap elementor-element-populated\">\n\t\t\t\t\t\t<div class=\"elementor-element elementor-element-4922ce46 elementor-widget__width-initial elementor-widget elementor-widget-text-editor\" data-id=\"4922ce46\" data-element_type=\"widget\" data-e-type=\"widget\" data-widget_type=\"text-editor.default\">\n\t\t\t\t<div class=\"elementor-widget-container\">\n\t\t\t\t\t\t\t\t\t<p><span lang=\"ES-MX\" style=\"font-family: 'Trebuchet MS',sans-serif; mso-ansi-language: ES-MX;\">En el a\u00f1o 2019 se llev\u00f3 a cabo la \u00faltima ExpoAlfa en Villa Mar\u00eda, desde ese momento comenzamos a trabajar para un nuevo encuentro, post pandemia y tras \u201creorganizarnos\u201d desde <b>TodoAlfalfa<\/b> proponemos que la muestra vuelva a cobrar vida. <\/span><\/p>\n<p><span lang=\"ES-MX\" style=\"font-weight: var( --e-global-typography-text-font-weight ); font-size: 1rem; background-color: var( --e-global-color-b860ff4 ); font-family: &quot;Trebuchet MS&quot;, sans-serif;\"><span style=\"font-weight: var( --e-global-typography-text-font-weight ); background-color: var( --e-global-color-b860ff4 ); font-size: 1rem;\">Es por ello que, de manera conjunta con <\/span><b style=\"background-color: var( --e-global-color-b860ff4 ); font-size: 1rem;\">Facultad de\nCiencias Agrarias<\/b><span style=\"font-weight: var( --e-global-typography-text-font-weight ); background-color: var( --e-global-color-b860ff4 ); font-size: 1rem;\"> de la <\/span><b style=\"background-color: var( --e-global-color-b860ff4 ); font-size: 1rem;\">Universidad Nacional del Litoral<\/b><span style=\"font-weight: var( --e-global-typography-text-font-weight ); background-color: var( --e-global-color-b860ff4 ); font-size: 1rem;\">, se trabaj\u00f3\npara que los d\u00edas 13 y 14 de noviembre la ciudad de Esperanza sea el punto de\nencuentro para que la cadena alfalfera tenga su evento: ExpoAlfa 2024.<\/span><\/span><\/p><p><span lang=\"ES-MX\" style=\"font-weight: var( --e-global-typography-text-font-weight ); font-size: 1rem; background-color: var( --e-global-color-b860ff4 ); font-family: &quot;Trebuchet MS&quot;, sans-serif;\">La iniciativa tiene cuatro pilares, y uno de ellos ser\u00e1 la <b>Exposici\u00f3n Est\u00e1tica<\/b>, que se desarrollar\u00e1 <\/span><span style=\"font-weight: var( --e-global-typography-text-font-weight ); font-size: 1rem; background-color: var( --e-global-color-b860ff4 ); font-family: &quot;Trebuchet MS&quot;, sans-serif;\">en un amplio sector, con un predio excepcional con 5.000 mtrs. y 12 hect\u00e1reas donde las empresas expondr\u00e1n sus novedades para convocar a una asistencia calificada vinculada al cultivo de la alfalfa, a la lecher\u00eda y a la producci\u00f3n ganadera.<\/span><br><\/p>\t\t\t\t\t\t\t\t<\/div>\n\t\t\t\t<\/div>\n\t\t\t\t\t<\/div>\n\t\t<\/div>\n\t\t\t\t\t<\/div>\n\t\t<\/section>\n\t\t\t\t<section class=\"elementor-section elementor-top-section elementor-element elementor-element-4a43344 elementor-section-boxed elementor-section-height-default elementor-section-height-default\" data-id=\"4a43344\" data-element_type=\"section\" data-e-type=\"section\" data-settings=\"{&quot;background_background&quot;:&quot;classic&quot;}\">\n\t\t\t\t\t\t<div class=\"elementor-container elementor-column-gap-default\">\n\t\t\t\t\t<div class=\"elementor-column elementor-col-100 elementor-top-column elementor-element elementor-element-18f4626\" data-id=\"18f4626\" data-element_type=\"column\" data-e-type=\"column\">\n\t\t\t<div class=\"elementor-widget-wrap elementor-element-populated\">\n\t\t\t\t\t\t<div class=\"elementor-element elementor-element-31807d9 elementor-widget elementor-widget-text-editor\" data-id=\"31807d9\" data-element_type=\"widget\" data-e-type=\"widget\" data-widget_type=\"text-editor.default\">\n\t\t\t\t<div class=\"elementor-widget-container\">\n\t\t\t\t\t\t\t\t\t<h1 style=\"text-align: center;\"><span style=\"color: #800080;\">\u00bfQuienes estar\u00e1n?<\/span><\/h1>\t\t\t\t\t\t\t\t<\/div>\n\t\t\t\t<\/div>\n\t\t\t\t\t<\/div>\n\t\t<\/div>\n\t\t\t\t\t<\/div>\n\t\t<\/section>\n\t\t\t\t<section class=\"elementor-section elementor-top-section elementor-element elementor-element-8f8e83d elementor-section-boxed elementor-section-height-default elementor-section-height-default\" data-id=\"8f8e83d\" data-element_type=\"section\" data-e-type=\"section\" data-settings=\"{&quot;background_background&quot;:&quot;classic&quot;}\">\n\t\t\t\t\t\t<div class=\"elementor-container elementor-column-gap-default\">\n\t\t\t\t\t<div class=\"elementor-column elementor-col-100 elementor-top-column elementor-element elementor-element-cd5468c\" data-id=\"cd5468c\" data-element_type=\"column\" data-e-type=\"column\">\n\t\t\t<div class=\"elementor-widget-wrap elementor-element-populated\">\n\t\t\t\t\t\t<div class=\"elementor-element elementor-element-692957c elementor-widget elementor-widget-text-editor\" data-id=\"692957c\" data-element_type=\"widget\" data-e-type=\"widget\" data-widget_type=\"text-editor.default\">\n\t\t\t\t<div class=\"elementor-widget-container\">\n\t\t\t\t\t\t\t\t\t<p class=\"MsoNormal\"><span style=\"font-family: 'Trebuchet MS',sans-serif; mso-bidi-font-weight: bold;\">Las empresas m\u00e1s importantes del sector mostrar\u00e1n sus novedades y tecnolog\u00edas en stands especialmente preparados para esta ocasi\u00f3n. Ya confirmaron su participaci\u00f3n:<\/span><\/p><p class=\"MsoNormal\"><span style=\"font-family: 'Trebuchet MS',sans-serif;\">El semillero Zinma Seed, Remonda Castro con las firmas John Deere, Firestone y Pla se desatacar\u00e1n en un stand interno. Alfalfas Wl Agvance con sus productos y trayectoria; Gauss con las m\u00e1quinas Krone, su famoso \u201ctrencito\u201d y otros fierros que presentar\u00e1 en el evento, tendr\u00e1 stand interno y externo; Los Prados con sus variedades de semillas, al igual que Palo Verde y su convenio de vinculaci\u00f3n tecnol\u00f3gica con el Inta (CVT) y el semillero Albert sorprender\u00e1 con su stand.<\/span><\/p><p class=\"MsoNormal\"><span style=\"font-family: 'Trebuchet MS',sans-serif;\">Las infaltables m\u00e1quinas rojas de Massey Ferguson con Winbahuer ser\u00e1n de la partida junto a Imabe y Apisa con sus m\u00e1quinas compactadoras y deshidratadoras espa\u00f1olas de la mano de Pedro Colla. Como siempre, acompa\u00f1ando, la gente del semillero Pgg Wrightson, Gentos con su pasto, Facyt y Bagual incursionando con fuerza con sus productos en la alfalfa, las m\u00e1quinas francesas Kuhn lucir\u00e1n sus maquinar\u00edas en un importante stand externo. <\/span><\/p><p class=\"MsoNormal\"><span style=\"font-family: 'Trebuchet MS',sans-serif;\">Dir\u00e1n presentes tambi\u00e9n en esta cita, las m\u00e1quinas de Yomel, Suplefeed con Agroveterinaria Esperanza, Barenbrug con sus semillas e inoculantes, EnerOne con sus equipos de energ\u00edas renovables y sus nuevos equipos Weiheng Ecactus, Biogrow con el bioheno y sus nuevas mantas para coberturas de fardos y rollos, los Tractores Kubotta con Moj\u00f3n Uno, el semillero Las Praderas.<\/span><\/p><p class=\"MsoNormal\"><span style=\"font-family: 'Trebuchet MS', sans-serif; color: var( --e-global-color-text ); font-weight: var( --e-global-typography-text-font-weight ); background-color: var( --e-global-color-b860ff4 ); font-size: 1rem;\">Hicieron lo propio la Municipalidad de Esperanza, las bolsas de Coverbag, la sembradora de De&amp;Ce, las enmiendas biol\u00f3gicas FFO, Alfaterra con sus m\u00e1quinas polacas, y muchos m\u00e1s fierros y servicios; a ello, se le sumar\u00e1n camionetas, bancos, seguros, drones, equipos de riego y otras provincias que dir\u00e1n presentes apoyando esta gran muestra est\u00e1tica.<\/span><\/p>\t\t\t\t\t\t\t\t<\/div>\n\t\t\t\t<\/div>\n\t\t\t\t\t<\/div>\n\t\t<\/div>\n\t\t\t\t\t<\/div>\n\t\t<\/section>\n\t\t\t\t<section class=\"elementor-section elementor-top-section elementor-element elementor-element-a42489d elementor-section-boxed elementor-section-height-default elementor-section-height-default\" data-id=\"a42489d\" data-element_type=\"section\" data-e-type=\"section\" data-settings=\"{&quot;background_background&quot;:&quot;classic&quot;}\">\n\t\t\t\t\t\t<div class=\"elementor-container elementor-column-gap-default\">\n\t\t\t\t\t<div class=\"elementor-column elementor-col-100 elementor-top-column elementor-element elementor-element-4576882\" data-id=\"4576882\" data-element_type=\"column\" data-e-type=\"column\">\n\t\t\t<div class=\"elementor-widget-wrap elementor-element-populated\">\n\t\t\t\t\t\t<div class=\"elementor-element elementor-element-64b6e08 elementor-widget elementor-widget-text-editor\" data-id=\"64b6e08\" data-element_type=\"widget\" data-e-type=\"widget\" data-widget_type=\"text-editor.default\">\n\t\t\t\t<div class=\"elementor-widget-container\">\n\t\t\t\t\t\t\t\t\t<h1 style=\"text-align: center;\"><span style=\"color: #800080;\">Auditorios y m\u00e1s&#8230;<\/span><\/h1>\t\t\t\t\t\t\t\t<\/div>\n\t\t\t\t<\/div>\n\t\t\t\t\t<\/div>\n\t\t<\/div>\n\t\t\t\t\t<\/div>\n\t\t<\/section>\n\t\t\t\t<section class=\"elementor-section elementor-top-section elementor-element elementor-element-8528c83 elementor-section-boxed elementor-section-height-default elementor-section-height-default\" data-id=\"8528c83\" data-element_type=\"section\" data-e-type=\"section\" data-settings=\"{&quot;background_background&quot;:&quot;classic&quot;}\">\n\t\t\t\t\t\t<div class=\"elementor-container elementor-column-gap-default\">\n\t\t\t\t\t<div class=\"elementor-column elementor-col-100 elementor-top-column elementor-element elementor-element-90fb1c8\" data-id=\"90fb1c8\" data-element_type=\"column\" data-e-type=\"column\">\n\t\t\t<div class=\"elementor-widget-wrap elementor-element-populated\">\n\t\t\t\t\t\t<div class=\"elementor-element elementor-element-ec1ebf7 elementor-widget elementor-widget-text-editor\" data-id=\"ec1ebf7\" data-element_type=\"widget\" data-e-type=\"widget\" data-widget_type=\"text-editor.default\">\n\t\t\t\t<div class=\"elementor-widget-container\">\n\t\t\t\t\t\t\t\t\t<p><span style=\"font-family: 'Trebuchet MS',sans-serif; mso-bidi-font-weight: bold;\">Tambi\u00e9n habr\u00e1 disponibles tres auditorios (uno de ellos para 1.000 personas, y dos auditorios menores) en los que se desarrollar\u00e1n de manera simult\u00e1nea charlas y conferencias que ser\u00e1n una de las columnas de esta propuesta. No faltar\u00e1 un sector en el que se podr\u00e1 disfrutar de gastronom\u00eda y showroom.<\/span><\/p>\t\t\t\t\t\t\t\t<\/div>\n\t\t\t\t<\/div>\n\t\t\t\t\t<\/div>\n\t\t<\/div>\n\t\t\t\t\t<\/div>\n\t\t<\/section>\n\t\t\t\t<section class=\"elementor-section elementor-top-section elementor-element elementor-element-5276a2aa elementor-section-boxed elementor-section-height-default elementor-section-height-default\" data-id=\"5276a2aa\" data-element_type=\"section\" data-e-type=\"section\" data-settings=\"{&quot;background_background&quot;:&quot;classic&quot;}\">\n\t\t\t\t\t\t<div class=\"elementor-container elementor-column-gap-default\">\n\t\t\t\t\t<div class=\"elementor-column elementor-col-100 elementor-top-column elementor-element elementor-element-37a9cb92\" data-id=\"37a9cb92\" data-element_type=\"column\" data-e-type=\"column\">\n\t\t\t<div class=\"elementor-widget-wrap elementor-element-populated\">\n\t\t\t\t\t\t<div class=\"elementor-element elementor-element-53a4c59e elementor-widget elementor-widget-spacer\" data-id=\"53a4c59e\" data-element_type=\"widget\" data-e-type=\"widget\" data-widget_type=\"spacer.default\">\n\t\t\t\t<div class=\"elementor-widget-container\">\n\t\t\t\t\t\t\t<div class=\"elementor-spacer\">\n\t\t\t<div class=\"elementor-spacer-inner\"><\/div>\n\t\t<\/div>\n\t\t\t\t\t\t<\/div>\n\t\t\t\t<\/div>\n\t\t\t\t\t<\/div>\n\t\t<\/div>\n\t\t\t\t\t<\/div>\n\t\t<\/section>\n\t\t\t\t<\/div>\n\t\t","protected":false},"excerpt":{"rendered":"<p>EXPOSICI\u00d3N EST\u00c1TICA En el a\u00f1o 2019 se llev\u00f3 a cabo la \u00faltima ExpoAlfa en Villa Mar\u00eda, desde ese momento comenzamos a trabajar para un nuevo encuentro, post pandemia y tras \u201creorganizarnos\u201d desde TodoAlfalfa proponemos que la muestra vuelva a cobrar vida. Es por ello que, de manera conjunta con Facultad de Ciencias Agrarias de la [&hellip;]<\/p>\n","protected":false},"author":2,"featured_media":0,"parent":103,"menu_order":0,"comment_status":"closed","ping_status":"closed","template":"elementor_header_footer","meta":{"footnotes":""},"class_list":["post-4811","page","type-page","status-publish","hentry"],"yoast_head":"<!-- This site is optimized with the Yoast SEO plugin v25.1 - https:\/\/yoast.com\/wordpress\/plugins\/seo\/ -->\n<title>Exposici\u00f3n est\u00e1tica - ExpoAlfa Jornada 2025<\/title>\n<meta name=\"robots\" content=\"index, follow, max-snippet:-1, max-image-preview:large, max-video-preview:-1\" \/>\n<link rel=\"canonical\" href=\"https:\/\/expoalfa.com.ar\/alfalfa\/programa\/exposicion-estatica\/\" \/>\n<meta property=\"og:locale\" content=\"es_ES\" \/>\n<meta property=\"og:type\" content=\"article\" \/>\n<meta property=\"og:title\" content=\"Exposici\u00f3n est\u00e1tica - ExpoAlfa Jornada 2025\" \/>\n<meta property=\"og:description\" content=\"EXPOSICI\u00d3N EST\u00c1TICA En el a\u00f1o 2019 se llev\u00f3 a cabo la \u00faltima ExpoAlfa en Villa Mar\u00eda, desde ese momento comenzamos a trabajar para un nuevo encuentro, post pandemia y tras \u201creorganizarnos\u201d desde TodoAlfalfa proponemos que la muestra vuelva a cobrar vida. Es por ello que, de manera conjunta con Facultad de Ciencias Agrarias de la [&hellip;]\" \/>\n<meta property=\"og:url\" content=\"https:\/\/expoalfa.com.ar\/alfalfa\/programa\/exposicion-estatica\/\" \/>\n<meta property=\"og:site_name\" content=\"ExpoAlfa Jornada 2025\" \/>\n<meta property=\"article:publisher\" content=\"https:\/\/www.facebook.com\/expoalfa\/\" \/>\n<meta property=\"article:modified_time\" content=\"2024-10-08T16:58:18+00:00\" \/>\n<meta property=\"og:image\" content=\"https:\/\/expoalfa.com.ar\/alfalfa\/wp-content\/uploads\/2024\/05\/Mesa-de-trabajo-32.png\" \/>\n\t<meta property=\"og:image:width\" content=\"1246\" \/>\n\t<meta property=\"og:image:height\" content=\"452\" \/>\n\t<meta property=\"og:image:type\" content=\"image\/png\" \/>\n<meta name=\"twitter:card\" content=\"summary_large_image\" \/>\n<meta name=\"twitter:label1\" content=\"Tiempo de lectura\" \/>\n\t<meta name=\"twitter:data1\" content=\"3 minutos\" \/>\n<script type=\"application\/ld+json\" class=\"yoast-schema-graph\">{\"@context\":\"https:\/\/schema.org\",\"@graph\":[{\"@type\":\"WebPage\",\"@id\":\"https:\/\/expoalfa.com.ar\/alfalfa\/programa\/exposicion-estatica\/\",\"url\":\"https:\/\/expoalfa.com.ar\/alfalfa\/programa\/exposicion-estatica\/\",\"name\":\"Exposici\u00f3n est\u00e1tica - ExpoAlfa Jornada 2025\",\"isPartOf\":{\"@id\":\"https:\/\/expoalfa.com.ar\/alfalfa\/#website\"},\"datePublished\":\"2024-09-26T19:12:35+00:00\",\"dateModified\":\"2024-10-08T16:58:18+00:00\",\"breadcrumb\":{\"@id\":\"https:\/\/expoalfa.com.ar\/alfalfa\/programa\/exposicion-estatica\/#breadcrumb\"},\"inLanguage\":\"es\",\"potentialAction\":[{\"@type\":\"ReadAction\",\"target\":[\"https:\/\/expoalfa.com.ar\/alfalfa\/programa\/exposicion-estatica\/\"]}]},{\"@type\":\"BreadcrumbList\",\"@id\":\"https:\/\/expoalfa.com.ar\/alfalfa\/programa\/exposicion-estatica\/#breadcrumb\",\"itemListElement\":[{\"@type\":\"ListItem\",\"position\":1,\"name\":\"Portada\",\"item\":\"https:\/\/expoalfa.com.ar\/alfalfa\/\"},{\"@type\":\"ListItem\",\"position\":2,\"name\":\"Programa\",\"item\":\"https:\/\/expoalfa.com.ar\/alfalfa\/?page_id=103\"},{\"@type\":\"ListItem\",\"position\":3,\"name\":\"Exposici\u00f3n est\u00e1tica\"}]},{\"@type\":\"WebSite\",\"@id\":\"https:\/\/expoalfa.com.ar\/alfalfa\/#website\",\"url\":\"https:\/\/expoalfa.com.ar\/alfalfa\/\",\"name\":\"ExpoAlfa 2024\",\"description\":\"\",\"publisher\":{\"@id\":\"https:\/\/expoalfa.com.ar\/alfalfa\/#organization\"},\"potentialAction\":[{\"@type\":\"SearchAction\",\"target\":{\"@type\":\"EntryPoint\",\"urlTemplate\":\"https:\/\/expoalfa.com.ar\/alfalfa\/?s={search_term_string}\"},\"query-input\":{\"@type\":\"PropertyValueSpecification\",\"valueRequired\":true,\"valueName\":\"search_term_string\"}}],\"inLanguage\":\"es\"},{\"@type\":\"Organization\",\"@id\":\"https:\/\/expoalfa.com.ar\/alfalfa\/#organization\",\"name\":\"ExpoAlfa 2024\",\"url\":\"https:\/\/expoalfa.com.ar\/alfalfa\/\",\"logo\":{\"@type\":\"ImageObject\",\"inLanguage\":\"es\",\"@id\":\"https:\/\/expoalfa.com.ar\/alfalfa\/#\/schema\/logo\/image\/\",\"url\":\"https:\/\/expoalfa.com.ar\/alfalfa\/wp-content\/uploads\/2024\/05\/cropped-Mesa-de-trabajo-32-e1716558195280.png\",\"contentUrl\":\"https:\/\/expoalfa.com.ar\/alfalfa\/wp-content\/uploads\/2024\/05\/cropped-Mesa-de-trabajo-32-e1716558195280.png\",\"width\":512,\"height\":512,\"caption\":\"ExpoAlfa 2024\"},\"image\":{\"@id\":\"https:\/\/expoalfa.com.ar\/alfalfa\/#\/schema\/logo\/image\/\"},\"sameAs\":[\"https:\/\/www.facebook.com\/expoalfa\/\",\"https:\/\/www.instagram.com\/expoalfa\",\"https:\/\/www.youtube.com\/@TodoAlfalfa\"]}]}<\/script>\n<!-- \/ Yoast SEO plugin. -->","yoast_head_json":{"title":"Exposici\u00f3n est\u00e1tica - ExpoAlfa Jornada 2025","robots":{"index":"index","follow":"follow","max-snippet":"max-snippet:-1","max-image-preview":"max-image-preview:large","max-video-preview":"max-video-preview:-1"},"canonical":"https:\/\/expoalfa.com.ar\/alfalfa\/programa\/exposicion-estatica\/","og_locale":"es_ES","og_type":"article","og_title":"Exposici\u00f3n est\u00e1tica - ExpoAlfa Jornada 2025","og_description":"EXPOSICI\u00d3N EST\u00c1TICA En el a\u00f1o 2019 se llev\u00f3 a cabo la \u00faltima ExpoAlfa en Villa Mar\u00eda, desde ese momento comenzamos a trabajar para un nuevo encuentro, post pandemia y tras \u201creorganizarnos\u201d desde TodoAlfalfa proponemos que la muestra vuelva a cobrar vida. Es por ello que, de manera conjunta con Facultad de Ciencias Agrarias de la [&hellip;]","og_url":"https:\/\/expoalfa.com.ar\/alfalfa\/programa\/exposicion-estatica\/","og_site_name":"ExpoAlfa Jornada 2025","article_publisher":"https:\/\/www.facebook.com\/expoalfa\/","article_modified_time":"2024-10-08T16:58:18+00:00","og_image":[{"width":1246,"height":452,"url":"https:\/\/expoalfa.com.ar\/alfalfa\/wp-content\/uploads\/2024\/05\/Mesa-de-trabajo-32.png","type":"image\/png"}],"twitter_card":"summary_large_image","twitter_misc":{"Tiempo de lectura":"3 minutos"},"schema":{"@context":"https:\/\/schema.org","@graph":[{"@type":"WebPage","@id":"https:\/\/expoalfa.com.ar\/alfalfa\/programa\/exposicion-estatica\/","url":"https:\/\/expoalfa.com.ar\/alfalfa\/programa\/exposicion-estatica\/","name":"Exposici\u00f3n est\u00e1tica - ExpoAlfa Jornada 2025","isPartOf":{"@id":"https:\/\/expoalfa.com.ar\/alfalfa\/#website"},"datePublished":"2024-09-26T19:12:35+00:00","dateModified":"2024-10-08T16:58:18+00:00","breadcrumb":{"@id":"https:\/\/expoalfa.com.ar\/alfalfa\/programa\/exposicion-estatica\/#breadcrumb"},"inLanguage":"es","potentialAction":[{"@type":"ReadAction","target":["https:\/\/expoalfa.com.ar\/alfalfa\/programa\/exposicion-estatica\/"]}]},{"@type":"BreadcrumbList","@id":"https:\/\/expoalfa.com.ar\/alfalfa\/programa\/exposicion-estatica\/#breadcrumb","itemListElement":[{"@type":"ListItem","position":1,"name":"Portada","item":"https:\/\/expoalfa.com.ar\/alfalfa\/"},{"@type":"ListItem","position":2,"name":"Programa","item":"https:\/\/expoalfa.com.ar\/alfalfa\/?page_id=103"},{"@type":"ListItem","position":3,"name":"Exposici\u00f3n est\u00e1tica"}]},{"@type":"WebSite","@id":"https:\/\/expoalfa.com.ar\/alfalfa\/#website","url":"https:\/\/expoalfa.com.ar\/alfalfa\/","name":"ExpoAlfa 2024","description":"","publisher":{"@id":"https:\/\/expoalfa.com.ar\/alfalfa\/#organization"},"potentialAction":[{"@type":"SearchAction","target":{"@type":"EntryPoint","urlTemplate":"https:\/\/expoalfa.com.ar\/alfalfa\/?s={search_term_string}"},"query-input":{"@type":"PropertyValueSpecification","valueRequired":true,"valueName":"search_term_string"}}],"inLanguage":"es"},{"@type":"Organization","@id":"https:\/\/expoalfa.com.ar\/alfalfa\/#organization","name":"ExpoAlfa 2024","url":"https:\/\/expoalfa.com.ar\/alfalfa\/","logo":{"@type":"ImageObject","inLanguage":"es","@id":"https:\/\/expoalfa.com.ar\/alfalfa\/#\/schema\/logo\/image\/","url":"https:\/\/expoalfa.com.ar\/alfalfa\/wp-content\/uploads\/2024\/05\/cropped-Mesa-de-trabajo-32-e1716558195280.png","contentUrl":"https:\/\/expoalfa.com.ar\/alfalfa\/wp-content\/uploads\/2024\/05\/cropped-Mesa-de-trabajo-32-e1716558195280.png","width":512,"height":512,"caption":"ExpoAlfa 2024"},"image":{"@id":"https:\/\/expoalfa.com.ar\/alfalfa\/#\/schema\/logo\/image\/"},"sameAs":["https:\/\/www.facebook.com\/expoalfa\/","https:\/\/www.instagram.com\/expoalfa","https:\/\/www.youtube.com\/@TodoAlfalfa"]}]}},"_links":{"self":[{"href":"https:\/\/expoalfa.com.ar\/alfalfa\/wp-json\/wp\/v2\/pages\/4811","targetHints":{"allow":["GET"]}}],"collection":[{"href":"https:\/\/expoalfa.com.ar\/alfalfa\/wp-json\/wp\/v2\/pages"}],"about":[{"href":"https:\/\/expoalfa.com.ar\/alfalfa\/wp-json\/wp\/v2\/types\/page"}],"author":[{"embeddable":true,"href":"https:\/\/expoalfa.com.ar\/alfalfa\/wp-json\/wp\/v2\/users\/2"}],"replies":[{"embeddable":true,"href":"https:\/\/expoalfa.com.ar\/alfalfa\/wp-json\/wp\/v2\/comments?post=4811"}],"version-history":[{"count":24,"href":"https:\/\/expoalfa.com.ar\/alfalfa\/wp-json\/wp\/v2\/pages\/4811\/revisions"}],"predecessor-version":[{"id":6833,"href":"https:\/\/expoalfa.com.ar\/alfalfa\/wp-json\/wp\/v2\/pages\/4811\/revisions\/6833"}],"up":[{"embeddable":true,"href":"https:\/\/expoalfa.com.ar\/alfalfa\/wp-json\/wp\/v2\/pages\/103"}],"wp:attachment":[{"href":"https:\/\/expoalfa.com.ar\/alfalfa\/wp-json\/wp\/v2\/media?parent=4811"}],"curies":[{"name":"wp","href":"https:\/\/api.w.org\/{rel}","templated":true}]}}