{"id":4833,"date":"2024-09-26T19:22:26","date_gmt":"2024-09-26T19:22:26","guid":{"rendered":"https:\/\/expoalfa.com.ar\/alfalfa\/?page_id=4833"},"modified":"2024-11-14T02:53:31","modified_gmt":"2024-11-14T02:53:31","slug":"dinamica-de-maquinarias","status":"publish","type":"page","link":"https:\/\/expoalfa.com.ar\/alfalfa\/programa\/dinamica-de-maquinarias\/","title":{"rendered":"Din\u00e1mica de maquinarias\u200b"},"content":{"rendered":"\t\t<div data-elementor-type=\"wp-page\" data-elementor-id=\"4833\" class=\"elementor elementor-4833\" data-elementor-post-type=\"page\">\n\t\t\t\t\t\t<section class=\"elementor-section elementor-top-section elementor-element elementor-element-7f847b59 elementor-section-height-min-height elementor-section-content-middle elementor-section-boxed elementor-section-height-default elementor-section-items-middle\" data-id=\"7f847b59\" data-element_type=\"section\" data-e-type=\"section\" data-settings=\"{&quot;background_background&quot;:&quot;classic&quot;}\">\n\t\t\t\t\t\t\t<div class=\"elementor-background-overlay\"><\/div>\n\t\t\t\t\t\t\t<div class=\"elementor-container elementor-column-gap-default\">\n\t\t\t\t\t<div class=\"elementor-column elementor-col-100 elementor-top-column elementor-element elementor-element-703fb680\" data-id=\"703fb680\" data-element_type=\"column\" data-e-type=\"column\">\n\t\t\t<div class=\"elementor-widget-wrap elementor-element-populated\">\n\t\t\t\t\t\t<div class=\"elementor-element elementor-element-4390b1c1 elementor-widget elementor-widget-heading\" data-id=\"4390b1c1\" data-element_type=\"widget\" data-e-type=\"widget\" data-widget_type=\"heading.default\">\n\t\t\t\t<div class=\"elementor-widget-container\">\n\t\t\t\t\t<h2 class=\"elementor-heading-title elementor-size-default\">DIN\u00c1MICA DE MAQUINARIAS<\/h2>\t\t\t\t<\/div>\n\t\t\t\t<\/div>\n\t\t\t\t\t<\/div>\n\t\t<\/div>\n\t\t\t\t\t<\/div>\n\t\t<\/section>\n\t\t\t\t<section class=\"elementor-section elementor-top-section elementor-element elementor-element-18ec3726 elementor-section-boxed elementor-section-height-default elementor-section-height-default\" data-id=\"18ec3726\" data-element_type=\"section\" data-e-type=\"section\" data-settings=\"{&quot;background_background&quot;:&quot;classic&quot;}\">\n\t\t\t\t\t\t<div class=\"elementor-container elementor-column-gap-default\">\n\t\t\t\t\t<div class=\"elementor-column elementor-col-100 elementor-top-column elementor-element elementor-element-7ac0f117\" data-id=\"7ac0f117\" data-element_type=\"column\" data-e-type=\"column\">\n\t\t\t<div class=\"elementor-widget-wrap elementor-element-populated\">\n\t\t\t\t\t\t<div class=\"elementor-element elementor-element-32f8b234 elementor-widget elementor-widget-spacer\" data-id=\"32f8b234\" data-element_type=\"widget\" data-e-type=\"widget\" data-widget_type=\"spacer.default\">\n\t\t\t\t<div class=\"elementor-widget-container\">\n\t\t\t\t\t\t\t<div class=\"elementor-spacer\">\n\t\t\t<div class=\"elementor-spacer-inner\"><\/div>\n\t\t<\/div>\n\t\t\t\t\t\t<\/div>\n\t\t\t\t<\/div>\n\t\t\t\t\t<\/div>\n\t\t<\/div>\n\t\t\t\t\t<\/div>\n\t\t<\/section>\n\t\t\t\t<section class=\"elementor-section elementor-top-section elementor-element elementor-element-595f9389 elementor-section-boxed elementor-section-height-default elementor-section-height-default\" data-id=\"595f9389\" data-element_type=\"section\" data-e-type=\"section\" data-settings=\"{&quot;background_background&quot;:&quot;classic&quot;}\">\n\t\t\t\t\t\t<div class=\"elementor-container elementor-column-gap-default\">\n\t\t\t\t\t<div class=\"elementor-column elementor-col-100 elementor-top-column elementor-element elementor-element-6adbb77\" data-id=\"6adbb77\" data-element_type=\"column\" data-e-type=\"column\">\n\t\t\t<div class=\"elementor-widget-wrap elementor-element-populated\">\n\t\t\t\t\t\t<div class=\"elementor-element elementor-element-5b0f6e74 elementor-widget__width-initial elementor-widget elementor-widget-text-editor\" data-id=\"5b0f6e74\" data-element_type=\"widget\" data-e-type=\"widget\" data-widget_type=\"text-editor.default\">\n\t\t\t\t<div class=\"elementor-widget-container\">\n\t\t\t\t\t\t\t\t\t<p class=\"MsoNormal\">\u201cLos fierros en acci\u00f3n\u201d, es la oferta que brinda la organizaci\u00f3n de ExpoAlfa para la edici\u00f3n 2024 que tendr\u00e1 lugar en Esperanza, Santa Fe. Esta propuesta se desarrollar\u00e1 el d\u00eda jueves 14, desde la hora 15.<\/p>\n<p class=\"MsoNormal\">El ingeniero Agr\u00f3nomo Miguel Forni, docente de la C\u00e1tedra de Mecanizaci\u00f3n Agr\u00edcola de la Facultad de Ciencias Agrarias de la UNL, ser\u00e1 el responsable de coordinar la iniciativa que contar\u00e1 con m\u00e1s de 50 maquinarias de las empresas que dir\u00e1n presentes. La misma tendr\u00e1 lugar en el campo La Nicolina (25 ha), en Rinc\u00f3n de \u00c1vila, sobre Ruta 6.<\/p>\n<p class=\"MsoNormal\">La din\u00e1mica tendr\u00e1 4 estaciones:<\/p>\n<p class=\"MsoNormal\">1 \u2013 Segadoras<\/p>\n<p class=\"MsoNormal\">2 \u2013 Rastrillos<\/p>\n<p class=\"MsoNormal\">3 &#8211; Rotoenfardadoras y Megaenfardadoras<\/p>\n<p class=\"MsoNormal\"><span style=\"font-family: var( --e-global-typography-text-font-family ), Sans-serif; font-weight: var( --e-global-typography-text-font-weight ); background-color: var( --e-global-color-b860ff4 ); font-size: 1rem;\">4 &#8211; Resto de los equipos (din\u00e1mica de mixers, manipuladores, cargadores de fardos y maquinaria en general).&nbsp;<\/span><\/p>\t\t\t\t\t\t\t\t<\/div>\n\t\t\t\t<\/div>\n\t\t\t\t\t<\/div>\n\t\t<\/div>\n\t\t\t\t\t<\/div>\n\t\t<\/section>\n\t\t\t\t<section class=\"elementor-section elementor-top-section elementor-element elementor-element-4525ad5 elementor-section-boxed elementor-section-height-default elementor-section-height-default\" data-id=\"4525ad5\" data-element_type=\"section\" data-e-type=\"section\" data-settings=\"{&quot;background_background&quot;:&quot;classic&quot;}\">\n\t\t\t\t\t\t<div class=\"elementor-container elementor-column-gap-default\">\n\t\t\t\t\t<div class=\"elementor-column elementor-col-100 elementor-top-column elementor-element elementor-element-8427f3c\" data-id=\"8427f3c\" data-element_type=\"column\" data-e-type=\"column\">\n\t\t\t<div class=\"elementor-widget-wrap elementor-element-populated\">\n\t\t\t\t\t\t<div class=\"elementor-element elementor-element-f7b65f0 elementor-widget elementor-widget-text-editor\" data-id=\"f7b65f0\" data-element_type=\"widget\" data-e-type=\"widget\" data-widget_type=\"text-editor.default\">\n\t\t\t\t<div class=\"elementor-widget-container\">\n\t\t\t\t\t\t\t\t\t<h1 style=\"text-align: center;\"><span style=\"color: #800080;\">\u00bfC\u00f3mo ser\u00e1?<\/span><\/h1>\t\t\t\t\t\t\t\t<\/div>\n\t\t\t\t<\/div>\n\t\t\t\t\t<\/div>\n\t\t<\/div>\n\t\t\t\t\t<\/div>\n\t\t<\/section>\n\t\t\t\t<section class=\"elementor-section elementor-top-section elementor-element elementor-element-7ab3823 elementor-section-boxed elementor-section-height-default elementor-section-height-default\" data-id=\"7ab3823\" data-element_type=\"section\" data-e-type=\"section\" data-settings=\"{&quot;background_background&quot;:&quot;classic&quot;}\">\n\t\t\t\t\t\t<div class=\"elementor-container elementor-column-gap-default\">\n\t\t\t\t\t<div class=\"elementor-column elementor-col-100 elementor-top-column elementor-element elementor-element-def2637\" data-id=\"def2637\" data-element_type=\"column\" data-e-type=\"column\">\n\t\t\t<div class=\"elementor-widget-wrap elementor-element-populated\">\n\t\t\t\t\t\t<div class=\"elementor-element elementor-element-be238dc elementor-widget elementor-widget-text-editor\" data-id=\"be238dc\" data-element_type=\"widget\" data-e-type=\"widget\" data-widget_type=\"text-editor.default\">\n\t\t\t\t<div class=\"elementor-widget-container\">\n\t\t\t\t\t\t\t\t\t<p class=\"MsoNormal\">7 de noviembre: preparaci\u00f3n de lote de corte (puesta a punto y entrenamiento).<\/p><p class=\"MsoNormal\">9 de noviembre: Preparaci\u00f3n de lote de corte (demostraci\u00f3n y Din\u00e1mica)<\/p><p class=\"MsoNormal\">12 de noviembre: Dia de entrenamiento<\/p><p class=\"MsoNormal\"><span style=\"color: var( --e-global-color-text ); font-family: var( --e-global-typography-text-font-family ), Sans-serif; font-weight: var( --e-global-typography-text-font-weight ); font-size: 1rem;\">14 de noviembre: Din\u00e1mica<\/span><\/p>\t\t\t\t\t\t\t\t<\/div>\n\t\t\t\t<\/div>\n\t\t\t\t\t<\/div>\n\t\t<\/div>\n\t\t\t\t\t<\/div>\n\t\t<\/section>\n\t\t\t\t<section class=\"elementor-section elementor-top-section elementor-element elementor-element-f33b866 elementor-section-boxed elementor-section-height-default elementor-section-height-default\" data-id=\"f33b866\" data-element_type=\"section\" data-e-type=\"section\" data-settings=\"{&quot;background_background&quot;:&quot;classic&quot;}\">\n\t\t\t\t\t\t<div class=\"elementor-container elementor-column-gap-default\">\n\t\t\t\t\t<div class=\"elementor-column elementor-col-100 elementor-top-column elementor-element elementor-element-14e334b\" data-id=\"14e334b\" data-element_type=\"column\" data-e-type=\"column\">\n\t\t\t<div class=\"elementor-widget-wrap elementor-element-populated\">\n\t\t\t\t\t\t<div class=\"elementor-element elementor-element-a53e56c elementor-widget elementor-widget-text-editor\" data-id=\"a53e56c\" data-element_type=\"widget\" data-e-type=\"widget\" data-widget_type=\"text-editor.default\">\n\t\t\t\t<div class=\"elementor-widget-container\">\n\t\t\t\t\t\t\t\t\t<h1 style=\"text-align: center;\"><span style=\"color: #800080;\">Campo donde se realizar\u00e1 din\u00e1mica<\/span><\/h1>\t\t\t\t\t\t\t\t<\/div>\n\t\t\t\t<\/div>\n\t\t\t\t\t<\/div>\n\t\t<\/div>\n\t\t\t\t\t<\/div>\n\t\t<\/section>\n\t\t\t\t<section class=\"elementor-section elementor-top-section elementor-element elementor-element-4c8dedc elementor-section-boxed elementor-section-height-default elementor-section-height-default\" data-id=\"4c8dedc\" data-element_type=\"section\" data-e-type=\"section\" data-settings=\"{&quot;background_background&quot;:&quot;classic&quot;}\">\n\t\t\t\t\t\t<div class=\"elementor-container elementor-column-gap-default\">\n\t\t\t\t\t<div class=\"elementor-column elementor-col-100 elementor-top-column elementor-element elementor-element-55af988\" data-id=\"55af988\" data-element_type=\"column\" data-e-type=\"column\">\n\t\t\t<div class=\"elementor-widget-wrap elementor-element-populated\">\n\t\t\t\t\t\t<div class=\"elementor-element elementor-element-1e205e6 elementor-widget elementor-widget-text-editor\" data-id=\"1e205e6\" data-element_type=\"widget\" data-e-type=\"widget\" data-widget_type=\"text-editor.default\">\n\t\t\t\t<div class=\"elementor-widget-container\">\n\t\t\t\t\t\t\t\t\t<p class=\"MsoNormal\" style=\"text-align: center;\">Lote 25 ha<\/p><p class=\"MsoNormal\" style=\"text-align: center;\">&#8211; 12,5 ha del frente para din\u00e1mica<span style=\"color: var( --e-global-color-text ); font-family: var( --e-global-typography-text-font-family ), Sans-serif; font-weight: var( --e-global-typography-text-font-weight ); font-size: 1rem;\">\u00a0 \u00a0 \u00a0 \u00a0 \u00a0 \u00a0 \u00a0 \u00a0 &#8211; 12,5 ha de atr\u00e1s para entrenamiento\u00a0<\/span><\/p>\t\t\t\t\t\t\t\t<\/div>\n\t\t\t\t<\/div>\n\t\t\t\t\t<\/div>\n\t\t<\/div>\n\t\t\t\t\t<\/div>\n\t\t<\/section>\n\t\t\t\t<section class=\"elementor-section elementor-top-section elementor-element elementor-element-0c2aba0 elementor-section-boxed elementor-section-height-default elementor-section-height-default\" data-id=\"0c2aba0\" data-element_type=\"section\" data-e-type=\"section\" data-settings=\"{&quot;background_background&quot;:&quot;classic&quot;}\">\n\t\t\t\t\t\t<div class=\"elementor-container elementor-column-gap-default\">\n\t\t\t\t\t<div class=\"elementor-column elementor-col-100 elementor-top-column elementor-element elementor-element-0d523ea\" data-id=\"0d523ea\" data-element_type=\"column\" data-e-type=\"column\">\n\t\t\t<div class=\"elementor-widget-wrap elementor-element-populated\">\n\t\t\t\t\t\t<div class=\"elementor-element elementor-element-8a743e6 elementor-widget elementor-widget-image\" data-id=\"8a743e6\" data-element_type=\"widget\" data-e-type=\"widget\" data-widget_type=\"image.default\">\n\t\t\t\t<div class=\"elementor-widget-container\">\n\t\t\t\t\t\t\t\t\t\t\t\t\t\t\t<img fetchpriority=\"high\" decoding=\"async\" width=\"800\" height=\"1000\" src=\"https:\/\/expoalfa.com.ar\/alfalfa\/wp-content\/uploads\/2024\/10\/WhatsApp-Image-2024-10-03-at-07.14.11-819x1024.jpeg\" class=\"attachment-large size-large wp-image-4879\" alt=\"\" srcset=\"https:\/\/expoalfa.com.ar\/alfalfa\/wp-content\/uploads\/2024\/10\/WhatsApp-Image-2024-10-03-at-07.14.11-819x1024.jpeg 819w, https:\/\/expoalfa.com.ar\/alfalfa\/wp-content\/uploads\/2024\/10\/WhatsApp-Image-2024-10-03-at-07.14.11-240x300.jpeg 240w, https:\/\/expoalfa.com.ar\/alfalfa\/wp-content\/uploads\/2024\/10\/WhatsApp-Image-2024-10-03-at-07.14.11-768x960.jpeg 768w, https:\/\/expoalfa.com.ar\/alfalfa\/wp-content\/uploads\/2024\/10\/WhatsApp-Image-2024-10-03-at-07.14.11.jpeg 1024w\" sizes=\"(max-width: 800px) 100vw, 800px\" \/>\t\t\t\t\t\t\t\t\t\t\t\t\t\t\t<\/div>\n\t\t\t\t<\/div>\n\t\t\t\t\t<\/div>\n\t\t<\/div>\n\t\t\t\t\t<\/div>\n\t\t<\/section>\n\t\t\t\t<section class=\"elementor-section elementor-top-section elementor-element elementor-element-e29b1cc elementor-section-boxed elementor-section-height-default elementor-section-height-default\" data-id=\"e29b1cc\" data-element_type=\"section\" data-e-type=\"section\" data-settings=\"{&quot;background_background&quot;:&quot;classic&quot;}\">\n\t\t\t\t\t\t<div class=\"elementor-container elementor-column-gap-default\">\n\t\t\t\t\t<div class=\"elementor-column elementor-col-100 elementor-top-column elementor-element elementor-element-61745d8\" data-id=\"61745d8\" data-element_type=\"column\" data-e-type=\"column\">\n\t\t\t<div class=\"elementor-widget-wrap elementor-element-populated\">\n\t\t\t\t\t\t<div class=\"elementor-element elementor-element-43ac8d3 elementor-widget elementor-widget-text-editor\" data-id=\"43ac8d3\" data-element_type=\"widget\" data-e-type=\"widget\" data-widget_type=\"text-editor.default\">\n\t\t\t\t<div class=\"elementor-widget-container\">\n\t\t\t\t\t\t\t\t\t<p class=\"MsoNormal\">Los cortes ser\u00e1n realizados por una segadora de Gauss.<\/p><p>\u00a0<\/p><p class=\"MsoNormal\">Las empresas participantes deber\u00e1n confirmar los equipos que enviar\u00e1n, modelos y si necesitan tractor.<\/p>\t\t\t\t\t\t\t\t<\/div>\n\t\t\t\t<\/div>\n\t\t\t\t\t<\/div>\n\t\t<\/div>\n\t\t\t\t\t<\/div>\n\t\t<\/section>\n\t\t\t\t<\/div>\n\t\t","protected":false},"excerpt":{"rendered":"<p>DIN\u00c1MICA DE MAQUINARIAS \u201cLos fierros en acci\u00f3n\u201d, es la oferta que brinda la organizaci\u00f3n de ExpoAlfa para la edici\u00f3n 2024 que tendr\u00e1 lugar en Esperanza, Santa Fe. Esta propuesta se desarrollar\u00e1 el d\u00eda jueves 14, desde la hora 15. El ingeniero Agr\u00f3nomo Miguel Forni, docente de la C\u00e1tedra de Mecanizaci\u00f3n Agr\u00edcola de la Facultad de [&hellip;]<\/p>\n","protected":false},"author":2,"featured_media":0,"parent":103,"menu_order":0,"comment_status":"closed","ping_status":"closed","template":"elementor_header_footer","meta":{"footnotes":""},"class_list":["post-4833","page","type-page","status-publish","hentry"],"yoast_head":"<!-- This site is optimized with the Yoast SEO plugin v25.1 - https:\/\/yoast.com\/wordpress\/plugins\/seo\/ -->\n<title>Din\u00e1mica de maquinarias\u200b - ExpoAlfa Jornada 2025<\/title>\n<meta name=\"robots\" content=\"index, follow, max-snippet:-1, max-image-preview:large, max-video-preview:-1\" \/>\n<link rel=\"canonical\" href=\"https:\/\/expoalfa.com.ar\/alfalfa\/programa\/dinamica-de-maquinarias\/\" \/>\n<meta property=\"og:locale\" content=\"es_ES\" \/>\n<meta property=\"og:type\" content=\"article\" \/>\n<meta property=\"og:title\" content=\"Din\u00e1mica de maquinarias\u200b - ExpoAlfa Jornada 2025\" \/>\n<meta property=\"og:description\" content=\"DIN\u00c1MICA DE MAQUINARIAS \u201cLos fierros en acci\u00f3n\u201d, es la oferta que brinda la organizaci\u00f3n de ExpoAlfa para la edici\u00f3n 2024 que tendr\u00e1 lugar en Esperanza, Santa Fe. Esta propuesta se desarrollar\u00e1 el d\u00eda jueves 14, desde la hora 15. El ingeniero Agr\u00f3nomo Miguel Forni, docente de la C\u00e1tedra de Mecanizaci\u00f3n Agr\u00edcola de la Facultad de [&hellip;]\" \/>\n<meta property=\"og:url\" content=\"https:\/\/expoalfa.com.ar\/alfalfa\/programa\/dinamica-de-maquinarias\/\" \/>\n<meta property=\"og:site_name\" content=\"ExpoAlfa Jornada 2025\" \/>\n<meta property=\"article:publisher\" content=\"https:\/\/www.facebook.com\/expoalfa\/\" \/>\n<meta property=\"article:modified_time\" content=\"2024-11-14T02:53:31+00:00\" \/>\n<meta property=\"og:image\" content=\"https:\/\/expoalfa.com.ar\/alfalfa\/wp-content\/uploads\/2024\/10\/WhatsApp-Image-2024-10-03-at-07.14.11-819x1024.jpeg\" \/>\n<meta name=\"twitter:card\" content=\"summary_large_image\" \/>\n<meta name=\"twitter:label1\" content=\"Tiempo de lectura\" \/>\n\t<meta name=\"twitter:data1\" content=\"2 minutos\" \/>\n<script type=\"application\/ld+json\" class=\"yoast-schema-graph\">{\"@context\":\"https:\/\/schema.org\",\"@graph\":[{\"@type\":\"WebPage\",\"@id\":\"https:\/\/expoalfa.com.ar\/alfalfa\/programa\/dinamica-de-maquinarias\/\",\"url\":\"https:\/\/expoalfa.com.ar\/alfalfa\/programa\/dinamica-de-maquinarias\/\",\"name\":\"Din\u00e1mica de maquinarias\u200b - ExpoAlfa Jornada 2025\",\"isPartOf\":{\"@id\":\"https:\/\/expoalfa.com.ar\/alfalfa\/#website\"},\"primaryImageOfPage\":{\"@id\":\"https:\/\/expoalfa.com.ar\/alfalfa\/programa\/dinamica-de-maquinarias\/#primaryimage\"},\"image\":{\"@id\":\"https:\/\/expoalfa.com.ar\/alfalfa\/programa\/dinamica-de-maquinarias\/#primaryimage\"},\"thumbnailUrl\":\"https:\/\/expoalfa.com.ar\/alfalfa\/wp-content\/uploads\/2024\/10\/WhatsApp-Image-2024-10-03-at-07.14.11-819x1024.jpeg\",\"datePublished\":\"2024-09-26T19:22:26+00:00\",\"dateModified\":\"2024-11-14T02:53:31+00:00\",\"breadcrumb\":{\"@id\":\"https:\/\/expoalfa.com.ar\/alfalfa\/programa\/dinamica-de-maquinarias\/#breadcrumb\"},\"inLanguage\":\"es\",\"potentialAction\":[{\"@type\":\"ReadAction\",\"target\":[\"https:\/\/expoalfa.com.ar\/alfalfa\/programa\/dinamica-de-maquinarias\/\"]}]},{\"@type\":\"ImageObject\",\"inLanguage\":\"es\",\"@id\":\"https:\/\/expoalfa.com.ar\/alfalfa\/programa\/dinamica-de-maquinarias\/#primaryimage\",\"url\":\"https:\/\/expoalfa.com.ar\/alfalfa\/wp-content\/uploads\/2024\/10\/WhatsApp-Image-2024-10-03-at-07.14.11.jpeg\",\"contentUrl\":\"https:\/\/expoalfa.com.ar\/alfalfa\/wp-content\/uploads\/2024\/10\/WhatsApp-Image-2024-10-03-at-07.14.11.jpeg\",\"width\":1024,\"height\":1280},{\"@type\":\"BreadcrumbList\",\"@id\":\"https:\/\/expoalfa.com.ar\/alfalfa\/programa\/dinamica-de-maquinarias\/#breadcrumb\",\"itemListElement\":[{\"@type\":\"ListItem\",\"position\":1,\"name\":\"Portada\",\"item\":\"https:\/\/expoalfa.com.ar\/alfalfa\/\"},{\"@type\":\"ListItem\",\"position\":2,\"name\":\"Programa\",\"item\":\"https:\/\/expoalfa.com.ar\/alfalfa\/?page_id=103\"},{\"@type\":\"ListItem\",\"position\":3,\"name\":\"Din\u00e1mica de maquinarias\u200b\"}]},{\"@type\":\"WebSite\",\"@id\":\"https:\/\/expoalfa.com.ar\/alfalfa\/#website\",\"url\":\"https:\/\/expoalfa.com.ar\/alfalfa\/\",\"name\":\"ExpoAlfa 2024\",\"description\":\"\",\"publisher\":{\"@id\":\"https:\/\/expoalfa.com.ar\/alfalfa\/#organization\"},\"potentialAction\":[{\"@type\":\"SearchAction\",\"target\":{\"@type\":\"EntryPoint\",\"urlTemplate\":\"https:\/\/expoalfa.com.ar\/alfalfa\/?s={search_term_string}\"},\"query-input\":{\"@type\":\"PropertyValueSpecification\",\"valueRequired\":true,\"valueName\":\"search_term_string\"}}],\"inLanguage\":\"es\"},{\"@type\":\"Organization\",\"@id\":\"https:\/\/expoalfa.com.ar\/alfalfa\/#organization\",\"name\":\"ExpoAlfa 2024\",\"url\":\"https:\/\/expoalfa.com.ar\/alfalfa\/\",\"logo\":{\"@type\":\"ImageObject\",\"inLanguage\":\"es\",\"@id\":\"https:\/\/expoalfa.com.ar\/alfalfa\/#\/schema\/logo\/image\/\",\"url\":\"https:\/\/expoalfa.com.ar\/alfalfa\/wp-content\/uploads\/2024\/05\/cropped-Mesa-de-trabajo-32-e1716558195280.png\",\"contentUrl\":\"https:\/\/expoalfa.com.ar\/alfalfa\/wp-content\/uploads\/2024\/05\/cropped-Mesa-de-trabajo-32-e1716558195280.png\",\"width\":512,\"height\":512,\"caption\":\"ExpoAlfa 2024\"},\"image\":{\"@id\":\"https:\/\/expoalfa.com.ar\/alfalfa\/#\/schema\/logo\/image\/\"},\"sameAs\":[\"https:\/\/www.facebook.com\/expoalfa\/\",\"https:\/\/www.instagram.com\/expoalfa\",\"https:\/\/www.youtube.com\/@TodoAlfalfa\"]}]}<\/script>\n<!-- \/ Yoast SEO plugin. -->","yoast_head_json":{"title":"Din\u00e1mica de maquinarias\u200b - ExpoAlfa Jornada 2025","robots":{"index":"index","follow":"follow","max-snippet":"max-snippet:-1","max-image-preview":"max-image-preview:large","max-video-preview":"max-video-preview:-1"},"canonical":"https:\/\/expoalfa.com.ar\/alfalfa\/programa\/dinamica-de-maquinarias\/","og_locale":"es_ES","og_type":"article","og_title":"Din\u00e1mica de maquinarias\u200b - ExpoAlfa Jornada 2025","og_description":"DIN\u00c1MICA DE MAQUINARIAS \u201cLos fierros en acci\u00f3n\u201d, es la oferta que brinda la organizaci\u00f3n de ExpoAlfa para la edici\u00f3n 2024 que tendr\u00e1 lugar en Esperanza, Santa Fe. Esta propuesta se desarrollar\u00e1 el d\u00eda jueves 14, desde la hora 15. El ingeniero Agr\u00f3nomo Miguel Forni, docente de la C\u00e1tedra de Mecanizaci\u00f3n Agr\u00edcola de la Facultad de [&hellip;]","og_url":"https:\/\/expoalfa.com.ar\/alfalfa\/programa\/dinamica-de-maquinarias\/","og_site_name":"ExpoAlfa Jornada 2025","article_publisher":"https:\/\/www.facebook.com\/expoalfa\/","article_modified_time":"2024-11-14T02:53:31+00:00","og_image":[{"url":"https:\/\/expoalfa.com.ar\/alfalfa\/wp-content\/uploads\/2024\/10\/WhatsApp-Image-2024-10-03-at-07.14.11-819x1024.jpeg","type":"","width":"","height":""}],"twitter_card":"summary_large_image","twitter_misc":{"Tiempo de lectura":"2 minutos"},"schema":{"@context":"https:\/\/schema.org","@graph":[{"@type":"WebPage","@id":"https:\/\/expoalfa.com.ar\/alfalfa\/programa\/dinamica-de-maquinarias\/","url":"https:\/\/expoalfa.com.ar\/alfalfa\/programa\/dinamica-de-maquinarias\/","name":"Din\u00e1mica de maquinarias\u200b - ExpoAlfa Jornada 2025","isPartOf":{"@id":"https:\/\/expoalfa.com.ar\/alfalfa\/#website"},"primaryImageOfPage":{"@id":"https:\/\/expoalfa.com.ar\/alfalfa\/programa\/dinamica-de-maquinarias\/#primaryimage"},"image":{"@id":"https:\/\/expoalfa.com.ar\/alfalfa\/programa\/dinamica-de-maquinarias\/#primaryimage"},"thumbnailUrl":"https:\/\/expoalfa.com.ar\/alfalfa\/wp-content\/uploads\/2024\/10\/WhatsApp-Image-2024-10-03-at-07.14.11-819x1024.jpeg","datePublished":"2024-09-26T19:22:26+00:00","dateModified":"2024-11-14T02:53:31+00:00","breadcrumb":{"@id":"https:\/\/expoalfa.com.ar\/alfalfa\/programa\/dinamica-de-maquinarias\/#breadcrumb"},"inLanguage":"es","potentialAction":[{"@type":"ReadAction","target":["https:\/\/expoalfa.com.ar\/alfalfa\/programa\/dinamica-de-maquinarias\/"]}]},{"@type":"ImageObject","inLanguage":"es","@id":"https:\/\/expoalfa.com.ar\/alfalfa\/programa\/dinamica-de-maquinarias\/#primaryimage","url":"https:\/\/expoalfa.com.ar\/alfalfa\/wp-content\/uploads\/2024\/10\/WhatsApp-Image-2024-10-03-at-07.14.11.jpeg","contentUrl":"https:\/\/expoalfa.com.ar\/alfalfa\/wp-content\/uploads\/2024\/10\/WhatsApp-Image-2024-10-03-at-07.14.11.jpeg","width":1024,"height":1280},{"@type":"BreadcrumbList","@id":"https:\/\/expoalfa.com.ar\/alfalfa\/programa\/dinamica-de-maquinarias\/#breadcrumb","itemListElement":[{"@type":"ListItem","position":1,"name":"Portada","item":"https:\/\/expoalfa.com.ar\/alfalfa\/"},{"@type":"ListItem","position":2,"name":"Programa","item":"https:\/\/expoalfa.com.ar\/alfalfa\/?page_id=103"},{"@type":"ListItem","position":3,"name":"Din\u00e1mica de maquinarias\u200b"}]},{"@type":"WebSite","@id":"https:\/\/expoalfa.com.ar\/alfalfa\/#website","url":"https:\/\/expoalfa.com.ar\/alfalfa\/","name":"ExpoAlfa 2024","description":"","publisher":{"@id":"https:\/\/expoalfa.com.ar\/alfalfa\/#organization"},"potentialAction":[{"@type":"SearchAction","target":{"@type":"EntryPoint","urlTemplate":"https:\/\/expoalfa.com.ar\/alfalfa\/?s={search_term_string}"},"query-input":{"@type":"PropertyValueSpecification","valueRequired":true,"valueName":"search_term_string"}}],"inLanguage":"es"},{"@type":"Organization","@id":"https:\/\/expoalfa.com.ar\/alfalfa\/#organization","name":"ExpoAlfa 2024","url":"https:\/\/expoalfa.com.ar\/alfalfa\/","logo":{"@type":"ImageObject","inLanguage":"es","@id":"https:\/\/expoalfa.com.ar\/alfalfa\/#\/schema\/logo\/image\/","url":"https:\/\/expoalfa.com.ar\/alfalfa\/wp-content\/uploads\/2024\/05\/cropped-Mesa-de-trabajo-32-e1716558195280.png","contentUrl":"https:\/\/expoalfa.com.ar\/alfalfa\/wp-content\/uploads\/2024\/05\/cropped-Mesa-de-trabajo-32-e1716558195280.png","width":512,"height":512,"caption":"ExpoAlfa 2024"},"image":{"@id":"https:\/\/expoalfa.com.ar\/alfalfa\/#\/schema\/logo\/image\/"},"sameAs":["https:\/\/www.facebook.com\/expoalfa\/","https:\/\/www.instagram.com\/expoalfa","https:\/\/www.youtube.com\/@TodoAlfalfa"]}]}},"_links":{"self":[{"href":"https:\/\/expoalfa.com.ar\/alfalfa\/wp-json\/wp\/v2\/pages\/4833","targetHints":{"allow":["GET"]}}],"collection":[{"href":"https:\/\/expoalfa.com.ar\/alfalfa\/wp-json\/wp\/v2\/pages"}],"about":[{"href":"https:\/\/expoalfa.com.ar\/alfalfa\/wp-json\/wp\/v2\/types\/page"}],"author":[{"embeddable":true,"href":"https:\/\/expoalfa.com.ar\/alfalfa\/wp-json\/wp\/v2\/users\/2"}],"replies":[{"embeddable":true,"href":"https:\/\/expoalfa.com.ar\/alfalfa\/wp-json\/wp\/v2\/comments?post=4833"}],"version-history":[{"count":32,"href":"https:\/\/expoalfa.com.ar\/alfalfa\/wp-json\/wp\/v2\/pages\/4833\/revisions"}],"predecessor-version":[{"id":5407,"href":"https:\/\/expoalfa.com.ar\/alfalfa\/wp-json\/wp\/v2\/pages\/4833\/revisions\/5407"}],"up":[{"embeddable":true,"href":"https:\/\/expoalfa.com.ar\/alfalfa\/wp-json\/wp\/v2\/pages\/103"}],"wp:attachment":[{"href":"https:\/\/expoalfa.com.ar\/alfalfa\/wp-json\/wp\/v2\/media?parent=4833"}],"curies":[{"name":"wp","href":"https:\/\/api.w.org\/{rel}","templated":true}]}}