{"id":5741,"date":"2025-03-17T12:46:43","date_gmt":"2025-03-17T12:46:43","guid":{"rendered":"https:\/\/expoalfa.com.ar\/alfalfa\/?page_id=5741"},"modified":"2025-03-17T12:49:47","modified_gmt":"2025-03-17T12:49:47","slug":"2025-alfalfa-en-accion","status":"publish","type":"page","link":"https:\/\/expoalfa.com.ar\/alfalfa\/2025-alfalfa-en-accion\/","title":{"rendered":"2025: Alfalfa en Acci\u00f3n"},"content":{"rendered":"\t\t<div data-elementor-type=\"wp-page\" data-elementor-id=\"5741\" class=\"elementor elementor-5741\" data-elementor-post-type=\"page\">\n\t\t\t\t\t\t<section class=\"elementor-section elementor-top-section elementor-element elementor-element-ed4e0bf elementor-section-boxed elementor-section-height-default elementor-section-height-default\" data-id=\"ed4e0bf\" data-element_type=\"section\" data-e-type=\"section\">\n\t\t\t\t\t\t<div class=\"elementor-container elementor-column-gap-default\">\n\t\t\t\t\t<div class=\"elementor-column elementor-col-100 elementor-top-column elementor-element elementor-element-2fdb33a\" data-id=\"2fdb33a\" data-element_type=\"column\" data-e-type=\"column\">\n\t\t\t<div class=\"elementor-widget-wrap elementor-element-populated\">\n\t\t\t\t\t\t<div class=\"elementor-element elementor-element-210116e elementor-widget__width-initial elementor-widget elementor-widget-heading\" data-id=\"210116e\" data-element_type=\"widget\" data-e-type=\"widget\" data-widget_type=\"heading.default\">\n\t\t\t\t<div class=\"elementor-widget-container\">\n\t\t\t\t\t<h2 class=\"elementor-heading-title elementor-size-default\">2025: Alfalfa en Acci\u00f3n<\/h2>\t\t\t\t<\/div>\n\t\t\t\t<\/div>\n\t\t\t\t<div class=\"elementor-element elementor-element-ddde131 elementor-widget elementor-widget-text-editor\" data-id=\"ddde131\" data-element_type=\"widget\" data-e-type=\"widget\" data-widget_type=\"text-editor.default\">\n\t\t\t\t<div class=\"elementor-widget-container\">\n\t\t\t\t\t\t\t\t\t<p>TodoCampos es una empresa con trayectoria en el sector agropecuario, enfocada en la comunicaci\u00f3n, en el cultivo de la alfalfa, en los desarrollos productivos, negocios y energ\u00edas renovables. Su plataforma informativa, TodoAlfalfa.com.ar, es el principal medio digital para la difusi\u00f3n de contenido t\u00e9cnico y comercial sobre la producci\u00f3n de alfalfa, conectando a productores, empresas y especialistas del sector.<\/p><p>En l\u00ednea con su compromiso con la innovaci\u00f3n y el crecimiento de la industria, TodoCampos SAS y TodoAlfalfa.com.ar han organizado, ExpoAlfa 2024, cuya edici\u00f3n reuni\u00f3 a m\u00e1s de 3.000 asistentes, consolid\u00e1ndose como un punto de encuentro clave para la cadena de valor de la alfalfa.<\/p><p>Con esta experiencia y el respaldo de un ecosistema de actores estrat\u00e9gicos, incluyendo a instituciones, (universidades, organismos del estado, organizaciones privadas, c\u00e1maras, cl\u00fasters, etc, etc), estados y empresas; presentamos una nueva propuesta de eventos dise\u00f1ados para potenciar la capacitaci\u00f3n, el desarrollo tecnol\u00f3gico y la expansi\u00f3n del mercado de alfalfa, tanto a nivel nacional como internacional.<\/p><p data-pm-slice=\"1 1 []\">Nuestro compromiso como medio de comunicaci\u00f3n, desde TodoAlfalfa.com.ar, es posicionar a la alfalfa en el centro de la escena, promoviendo su producci\u00f3n y comercializaci\u00f3n. Buscamos ser el referente del sector, conectando actores clave, impulsando negocios y generando informaci\u00f3n relevante que permita mejorar la calidad del cultivo. A trav\u00e9s de iniciativas como ExpoAlfa, queremos fomentar el crecimiento del \u00e1rea sembrada y fortalecer el desarrollo productivo de la forrajera, informando y capacitando al sector.<\/p><p data-pm-slice=\"1 1 []\">Creemos en la mejora continua y en la importancia de generar espacios de intercambio y actualizaci\u00f3n para los distintos actores de la industria. Trabajamos para fortalecer lazos colectivos, no solo a trav\u00e9s del medio de comunicaci\u00f3n, sino tambi\u00e9n mediante la organizaci\u00f3n de eventos, la colaboraci\u00f3n con universidades, instituciones y gobiernos, y la implementaci\u00f3n de estrategias de capacitaci\u00f3n y desarrollo tecnol\u00f3gico.<\/p><p data-pm-slice=\"1 1 []\">La alfalfa posee un enorme potencial productivo y exportador. Mostrar su jerarqu\u00eda, su volumen de negocios y su proyecci\u00f3n internacional es uno de nuestros principales objetivos. Para ello, impulsamos acciones en redes sociales, jornadas de capacitaci\u00f3n, campa\u00f1as de marketing, participaciones en eventos del sector y alianzas estrat\u00e9gicas que contribuyan a visibilizar y expandir la producci\u00f3n de alfalfa.<\/p><p data-pm-slice=\"1 1 []\">Estamos comprometidos con iniciativas innovadoras como las diplomaturas universitarias en alfalfa, que forman cuadros t\u00e9cnicos y productores especializados en su producci\u00f3n, ya sea para pastoreo o exportaci\u00f3n. Asimismo, apoyamos, tranqueras adentro, el desarrollo productivo de alfalfa de calidad, apostando a mejorar la producci\u00f3n de leche, quesos y carne a trav\u00e9s de su uso estrat\u00e9gico.<\/p><p data-pm-slice=\"1 1 []\">Nuestra visi\u00f3n es consolidarnos como el referente en el sector, garantizando la organizaci\u00f3n y comercializaci\u00f3n eficiente de nuestras jornadas y eventos. Buscamos desarrollar proyectos productivos, establecer relaciones de beneficio mutuo con los distintos actores de la industria y generar instancias de capacitaci\u00f3n que aporten valor al crecimiento del sector agropecuario.<\/p>\t\t\t\t\t\t\t\t<\/div>\n\t\t\t\t<\/div>\n\t\t\t\t\t<\/div>\n\t\t<\/div>\n\t\t\t\t\t<\/div>\n\t\t<\/section>\n\t\t\t\t<\/div>\n\t\t","protected":false},"excerpt":{"rendered":"<p>2025: Alfalfa en Acci\u00f3n TodoCampos es una empresa con trayectoria en el sector agropecuario, enfocada en la comunicaci\u00f3n, en el cultivo de la alfalfa, en los desarrollos productivos, negocios y energ\u00edas renovables. Su plataforma informativa, TodoAlfalfa.com.ar, es el principal medio digital para la difusi\u00f3n de contenido t\u00e9cnico y comercial sobre la producci\u00f3n de alfalfa, conectando [&hellip;]<\/p>\n","protected":false},"author":2,"featured_media":0,"parent":0,"menu_order":0,"comment_status":"closed","ping_status":"closed","template":"","meta":{"footnotes":""},"class_list":["post-5741","page","type-page","status-publish","hentry"],"yoast_head":"<!-- This site is optimized with the Yoast SEO plugin v25.1 - https:\/\/yoast.com\/wordpress\/plugins\/seo\/ -->\n<title>2025: Alfalfa en Acci\u00f3n - ExpoAlfa Jornada 2025<\/title>\n<meta name=\"robots\" content=\"index, follow, max-snippet:-1, max-image-preview:large, max-video-preview:-1\" \/>\n<link rel=\"canonical\" href=\"https:\/\/expoalfa.com.ar\/alfalfa\/2025-alfalfa-en-accion\/\" \/>\n<meta property=\"og:locale\" content=\"es_ES\" \/>\n<meta property=\"og:type\" content=\"article\" \/>\n<meta property=\"og:title\" content=\"2025: Alfalfa en Acci\u00f3n - ExpoAlfa Jornada 2025\" \/>\n<meta property=\"og:description\" content=\"2025: Alfalfa en Acci\u00f3n TodoCampos es una empresa con trayectoria en el sector agropecuario, enfocada en la comunicaci\u00f3n, en el cultivo de la alfalfa, en los desarrollos productivos, negocios y energ\u00edas renovables. Su plataforma informativa, TodoAlfalfa.com.ar, es el principal medio digital para la difusi\u00f3n de contenido t\u00e9cnico y comercial sobre la producci\u00f3n de alfalfa, conectando [&hellip;]\" \/>\n<meta property=\"og:url\" content=\"https:\/\/expoalfa.com.ar\/alfalfa\/2025-alfalfa-en-accion\/\" \/>\n<meta property=\"og:site_name\" content=\"ExpoAlfa Jornada 2025\" \/>\n<meta property=\"article:publisher\" content=\"https:\/\/www.facebook.com\/expoalfa\/\" \/>\n<meta property=\"article:modified_time\" content=\"2025-03-17T12:49:47+00:00\" \/>\n<meta property=\"og:image\" content=\"https:\/\/expoalfa.com.ar\/alfalfa\/wp-content\/uploads\/2024\/05\/Mesa-de-trabajo-32.png\" \/>\n\t<meta property=\"og:image:width\" content=\"1246\" \/>\n\t<meta property=\"og:image:height\" content=\"452\" \/>\n\t<meta property=\"og:image:type\" content=\"image\/png\" \/>\n<meta name=\"twitter:card\" content=\"summary_large_image\" \/>\n<meta name=\"twitter:label1\" content=\"Tiempo de lectura\" \/>\n\t<meta name=\"twitter:data1\" content=\"3 minutos\" \/>\n<script type=\"application\/ld+json\" class=\"yoast-schema-graph\">{\"@context\":\"https:\/\/schema.org\",\"@graph\":[{\"@type\":\"WebPage\",\"@id\":\"https:\/\/expoalfa.com.ar\/alfalfa\/2025-alfalfa-en-accion\/\",\"url\":\"https:\/\/expoalfa.com.ar\/alfalfa\/2025-alfalfa-en-accion\/\",\"name\":\"2025: Alfalfa en Acci\u00f3n - ExpoAlfa Jornada 2025\",\"isPartOf\":{\"@id\":\"https:\/\/expoalfa.com.ar\/alfalfa\/#website\"},\"datePublished\":\"2025-03-17T12:46:43+00:00\",\"dateModified\":\"2025-03-17T12:49:47+00:00\",\"breadcrumb\":{\"@id\":\"https:\/\/expoalfa.com.ar\/alfalfa\/2025-alfalfa-en-accion\/#breadcrumb\"},\"inLanguage\":\"es\",\"potentialAction\":[{\"@type\":\"ReadAction\",\"target\":[\"https:\/\/expoalfa.com.ar\/alfalfa\/2025-alfalfa-en-accion\/\"]}]},{\"@type\":\"BreadcrumbList\",\"@id\":\"https:\/\/expoalfa.com.ar\/alfalfa\/2025-alfalfa-en-accion\/#breadcrumb\",\"itemListElement\":[{\"@type\":\"ListItem\",\"position\":1,\"name\":\"Portada\",\"item\":\"https:\/\/expoalfa.com.ar\/alfalfa\/\"},{\"@type\":\"ListItem\",\"position\":2,\"name\":\"2025: Alfalfa en Acci\u00f3n\"}]},{\"@type\":\"WebSite\",\"@id\":\"https:\/\/expoalfa.com.ar\/alfalfa\/#website\",\"url\":\"https:\/\/expoalfa.com.ar\/alfalfa\/\",\"name\":\"ExpoAlfa 2024\",\"description\":\"\",\"publisher\":{\"@id\":\"https:\/\/expoalfa.com.ar\/alfalfa\/#organization\"},\"potentialAction\":[{\"@type\":\"SearchAction\",\"target\":{\"@type\":\"EntryPoint\",\"urlTemplate\":\"https:\/\/expoalfa.com.ar\/alfalfa\/?s={search_term_string}\"},\"query-input\":{\"@type\":\"PropertyValueSpecification\",\"valueRequired\":true,\"valueName\":\"search_term_string\"}}],\"inLanguage\":\"es\"},{\"@type\":\"Organization\",\"@id\":\"https:\/\/expoalfa.com.ar\/alfalfa\/#organization\",\"name\":\"ExpoAlfa 2024\",\"url\":\"https:\/\/expoalfa.com.ar\/alfalfa\/\",\"logo\":{\"@type\":\"ImageObject\",\"inLanguage\":\"es\",\"@id\":\"https:\/\/expoalfa.com.ar\/alfalfa\/#\/schema\/logo\/image\/\",\"url\":\"https:\/\/expoalfa.com.ar\/alfalfa\/wp-content\/uploads\/2024\/05\/cropped-Mesa-de-trabajo-32-e1716558195280.png\",\"contentUrl\":\"https:\/\/expoalfa.com.ar\/alfalfa\/wp-content\/uploads\/2024\/05\/cropped-Mesa-de-trabajo-32-e1716558195280.png\",\"width\":512,\"height\":512,\"caption\":\"ExpoAlfa 2024\"},\"image\":{\"@id\":\"https:\/\/expoalfa.com.ar\/alfalfa\/#\/schema\/logo\/image\/\"},\"sameAs\":[\"https:\/\/www.facebook.com\/expoalfa\/\",\"https:\/\/www.instagram.com\/expoalfa\",\"https:\/\/www.youtube.com\/@TodoAlfalfa\"]}]}<\/script>\n<!-- \/ Yoast SEO plugin. -->","yoast_head_json":{"title":"2025: Alfalfa en Acci\u00f3n - ExpoAlfa Jornada 2025","robots":{"index":"index","follow":"follow","max-snippet":"max-snippet:-1","max-image-preview":"max-image-preview:large","max-video-preview":"max-video-preview:-1"},"canonical":"https:\/\/expoalfa.com.ar\/alfalfa\/2025-alfalfa-en-accion\/","og_locale":"es_ES","og_type":"article","og_title":"2025: Alfalfa en Acci\u00f3n - ExpoAlfa Jornada 2025","og_description":"2025: Alfalfa en Acci\u00f3n TodoCampos es una empresa con trayectoria en el sector agropecuario, enfocada en la comunicaci\u00f3n, en el cultivo de la alfalfa, en los desarrollos productivos, negocios y energ\u00edas renovables. Su plataforma informativa, TodoAlfalfa.com.ar, es el principal medio digital para la difusi\u00f3n de contenido t\u00e9cnico y comercial sobre la producci\u00f3n de alfalfa, conectando [&hellip;]","og_url":"https:\/\/expoalfa.com.ar\/alfalfa\/2025-alfalfa-en-accion\/","og_site_name":"ExpoAlfa Jornada 2025","article_publisher":"https:\/\/www.facebook.com\/expoalfa\/","article_modified_time":"2025-03-17T12:49:47+00:00","og_image":[{"width":1246,"height":452,"url":"https:\/\/expoalfa.com.ar\/alfalfa\/wp-content\/uploads\/2024\/05\/Mesa-de-trabajo-32.png","type":"image\/png"}],"twitter_card":"summary_large_image","twitter_misc":{"Tiempo de lectura":"3 minutos"},"schema":{"@context":"https:\/\/schema.org","@graph":[{"@type":"WebPage","@id":"https:\/\/expoalfa.com.ar\/alfalfa\/2025-alfalfa-en-accion\/","url":"https:\/\/expoalfa.com.ar\/alfalfa\/2025-alfalfa-en-accion\/","name":"2025: Alfalfa en Acci\u00f3n - ExpoAlfa Jornada 2025","isPartOf":{"@id":"https:\/\/expoalfa.com.ar\/alfalfa\/#website"},"datePublished":"2025-03-17T12:46:43+00:00","dateModified":"2025-03-17T12:49:47+00:00","breadcrumb":{"@id":"https:\/\/expoalfa.com.ar\/alfalfa\/2025-alfalfa-en-accion\/#breadcrumb"},"inLanguage":"es","potentialAction":[{"@type":"ReadAction","target":["https:\/\/expoalfa.com.ar\/alfalfa\/2025-alfalfa-en-accion\/"]}]},{"@type":"BreadcrumbList","@id":"https:\/\/expoalfa.com.ar\/alfalfa\/2025-alfalfa-en-accion\/#breadcrumb","itemListElement":[{"@type":"ListItem","position":1,"name":"Portada","item":"https:\/\/expoalfa.com.ar\/alfalfa\/"},{"@type":"ListItem","position":2,"name":"2025: Alfalfa en Acci\u00f3n"}]},{"@type":"WebSite","@id":"https:\/\/expoalfa.com.ar\/alfalfa\/#website","url":"https:\/\/expoalfa.com.ar\/alfalfa\/","name":"ExpoAlfa 2024","description":"","publisher":{"@id":"https:\/\/expoalfa.com.ar\/alfalfa\/#organization"},"potentialAction":[{"@type":"SearchAction","target":{"@type":"EntryPoint","urlTemplate":"https:\/\/expoalfa.com.ar\/alfalfa\/?s={search_term_string}"},"query-input":{"@type":"PropertyValueSpecification","valueRequired":true,"valueName":"search_term_string"}}],"inLanguage":"es"},{"@type":"Organization","@id":"https:\/\/expoalfa.com.ar\/alfalfa\/#organization","name":"ExpoAlfa 2024","url":"https:\/\/expoalfa.com.ar\/alfalfa\/","logo":{"@type":"ImageObject","inLanguage":"es","@id":"https:\/\/expoalfa.com.ar\/alfalfa\/#\/schema\/logo\/image\/","url":"https:\/\/expoalfa.com.ar\/alfalfa\/wp-content\/uploads\/2024\/05\/cropped-Mesa-de-trabajo-32-e1716558195280.png","contentUrl":"https:\/\/expoalfa.com.ar\/alfalfa\/wp-content\/uploads\/2024\/05\/cropped-Mesa-de-trabajo-32-e1716558195280.png","width":512,"height":512,"caption":"ExpoAlfa 2024"},"image":{"@id":"https:\/\/expoalfa.com.ar\/alfalfa\/#\/schema\/logo\/image\/"},"sameAs":["https:\/\/www.facebook.com\/expoalfa\/","https:\/\/www.instagram.com\/expoalfa","https:\/\/www.youtube.com\/@TodoAlfalfa"]}]}},"_links":{"self":[{"href":"https:\/\/expoalfa.com.ar\/alfalfa\/wp-json\/wp\/v2\/pages\/5741","targetHints":{"allow":["GET"]}}],"collection":[{"href":"https:\/\/expoalfa.com.ar\/alfalfa\/wp-json\/wp\/v2\/pages"}],"about":[{"href":"https:\/\/expoalfa.com.ar\/alfalfa\/wp-json\/wp\/v2\/types\/page"}],"author":[{"embeddable":true,"href":"https:\/\/expoalfa.com.ar\/alfalfa\/wp-json\/wp\/v2\/users\/2"}],"replies":[{"embeddable":true,"href":"https:\/\/expoalfa.com.ar\/alfalfa\/wp-json\/wp\/v2\/comments?post=5741"}],"version-history":[{"count":7,"href":"https:\/\/expoalfa.com.ar\/alfalfa\/wp-json\/wp\/v2\/pages\/5741\/revisions"}],"predecessor-version":[{"id":5749,"href":"https:\/\/expoalfa.com.ar\/alfalfa\/wp-json\/wp\/v2\/pages\/5741\/revisions\/5749"}],"wp:attachment":[{"href":"https:\/\/expoalfa.com.ar\/alfalfa\/wp-json\/wp\/v2\/media?parent=5741"}],"curies":[{"name":"wp","href":"https:\/\/api.w.org\/{rel}","templated":true}]}}